{"id":5716,"date":"2024-04-25T10:36:53","date_gmt":"2024-04-25T08:36:53","guid":{"rendered":"https:\/\/hikvisionmaroc.com\/?post_type=product&#038;p=5716"},"modified":"2024-04-25T10:45:34","modified_gmt":"2024-04-25T08:45:34","slug":"ds-kis602","status":"publish","type":"product","link":"https:\/\/hikvisionmaroc.com\/index.php\/produit\/ds-kis602\/","title":{"rendered":"DS-KIS602"},"content":{"rendered":"<ul>\n<li>Cam\u00e9ra full HD angle de vision extra large (180\u00b0)<\/li>\n<li>Cam\u00e9ra couleur<\/li>\n<li>Vision de nuit<\/li>\n<li>Haut-parleur et microphone int\u00e9gr\u00e9<\/li>\n<li>2 contacts secs pour ouvrir deux portails<\/li>\n<li>Ouverture de la g\u00e2che via l&#8217;\u00e9cran de contr\u00f4le tactile ou le smartphone avec une serrure \u00e9lectronique<\/li>\n<li>Visualisation \u00e0 distance sur smartphone ou tablette via l&#8217;application <a href=\"https:\/\/ieu.hik-connect.com\/views\/login\/index.html?country=434#\/main\/overview\">Hik-Connect<\/a><\/li>\n<li>Enregistrement des images des visiteurs<\/li>\n<li>Indice de protection IP65<\/li>\n<li>Stockage sur carte SD jusqu&#8217;\u00e0 32Go<\/li>\n<li>Compatible NVR Hikvision<\/li>\n<\/ul>\n","protected":false},"excerpt":{"rendered":"<p>Le DS-KIS602 est la solution id\u00e9ale et tr\u00e8s simple pour s&#8217;\u00e9quiper ou renouveler son installation existante. Il se connecte \u00e0 internet et vous permet de voir en temps r\u00e9el qui sonne \u00e0 la porte depuis votre smartphone de n&#8217;importe o\u00f9 dans le monde et d&#8217;ouvrir \u00e0 distance.<\/p>\n<p>Ce kit est compatible avec les NVR <a href=\"https:\/\/www.hikvision.com\/fr\/\">Hikvision <\/a>ainsi qu&#8217;avec l&#8217;application Hik-Connect. Retrouvez tous vos produits Hikvision (<a href=\"https:\/\/hikvisionmaroc.com\/index.php\/categorie-produit\/videosurveillance\/network\/nvr\/\">NVR<\/a>, <a href=\"https:\/\/hikvisionmaroc.com\/index.php\/categorie-produit\/videosurveillance\/\">Cam\u00e9ra-IP<\/a> et interphone) au travers d&#8217;une seule et m\u00eame application.<\/p>\n<p>Egalement ce kit permet d&#8217;int\u00e9grer une carte SD jusqu&#8217;\u00e0 32Go pour conserver les photos et les conversations des personnes ayant sonn\u00e9 \u00e0 votre porte.<\/p>\n","protected":false},"featured_media":5715,"comment_status":"open","ping_status":"closed","template":"","meta":{"_acf_changed":false},"product_brand":[],"product_cat":[257],"product_tag":[],"class_list":{"0":"post-5716","1":"product","2":"type-product","3":"status-publish","4":"has-post-thumbnail","6":"product_cat-videophonie","8":"first","9":"instock","10":"sale","11":"taxable","12":"shipping-taxable","13":"purchasable","14":"product-type-simple"},"acf":[],"yoast_head":"<!-- This site is optimized with the Yoast SEO plugin v25.3 - https:\/\/yoast.com\/wordpress\/plugins\/seo\/ -->\n<title>DS-KIS602 - SECURETECH FOREVER<\/title>\n<meta name=\"description\" content=\"Kit vid\u00e9ophonie KIS602 interphonie a distance compatible pour tous les utilisations s\u00e9curise vos habitations int\u00e8gre plusieurs fonctionnalit\u00e9 ad\u00e9quat\" \/>\n<meta name=\"robots\" content=\"index, follow, max-snippet:-1, max-image-preview:large, max-video-preview:-1\" \/>\n<link rel=\"canonical\" href=\"https:\/\/hikvisionmaroc.com\/index.php\/produit\/ds-kis602\/\" \/>\n<meta property=\"og:locale\" content=\"fr_FR\" \/>\n<meta property=\"og:type\" content=\"article\" \/>\n<meta property=\"og:title\" content=\"DS-KIS602 - SECURETECH FOREVER\" \/>\n<meta property=\"og:description\" content=\"Kit vid\u00e9ophonie KIS602 interphonie a distance compatible pour tous les utilisations s\u00e9curise vos habitations int\u00e8gre plusieurs fonctionnalit\u00e9 ad\u00e9quat\" \/>\n<meta property=\"og:url\" content=\"https:\/\/hikvisionmaroc.com\/index.php\/produit\/ds-kis602\/\" \/>\n<meta property=\"og:site_name\" content=\"SECURETECH FOREVER\" \/>\n<meta property=\"article:publisher\" content=\"https:\/\/fr-fr.facebook.com\/abdelouahed.hamadi\/\" \/>\n<meta property=\"article:modified_time\" content=\"2024-04-25T08:45:34+00:00\" \/>\n<meta property=\"og:image\" content=\"https:\/\/hikvisionmaroc.com\/wp-content\/uploads\/2024\/04\/KIS602.png\" \/>\n\t<meta property=\"og:image:width\" content=\"800\" \/>\n\t<meta property=\"og:image:height\" content=\"406\" \/>\n\t<meta property=\"og:image:type\" content=\"image\/png\" \/>\n<meta name=\"twitter:card\" content=\"summary_large_image\" \/>\n<meta name=\"twitter:site\" content=\"@victorycsf\" \/>\n<meta name=\"twitter:label1\" content=\"Dur\u00e9e de lecture estim\u00e9e\" \/>\n\t<meta name=\"twitter:data1\" content=\"1 minute\" \/>\n<script type=\"application\/ld+json\" class=\"yoast-schema-graph\">{\"@context\":\"https:\/\/schema.org\",\"@graph\":[{\"@type\":\"WebPage\",\"@id\":\"https:\/\/hikvisionmaroc.com\/index.php\/produit\/ds-kis602\/\",\"url\":\"https:\/\/hikvisionmaroc.com\/index.php\/produit\/ds-kis602\/\",\"name\":\"DS-KIS602 - SECURETECH FOREVER\",\"isPartOf\":{\"@id\":\"https:\/\/hikvisionmaroc.com\/#website\"},\"primaryImageOfPage\":{\"@id\":\"https:\/\/hikvisionmaroc.com\/index.php\/produit\/ds-kis602\/#primaryimage\"},\"image\":{\"@id\":\"https:\/\/hikvisionmaroc.com\/index.php\/produit\/ds-kis602\/#primaryimage\"},\"thumbnailUrl\":\"https:\/\/hikvisionmaroc.com\/wp-content\/uploads\/2024\/04\/KIS602.png\",\"datePublished\":\"2024-04-25T08:36:53+00:00\",\"dateModified\":\"2024-04-25T08:45:34+00:00\",\"description\":\"Kit vid\u00e9ophonie KIS602 interphonie a distance compatible pour tous les utilisations s\u00e9curise vos habitations int\u00e8gre plusieurs fonctionnalit\u00e9 ad\u00e9quat\",\"breadcrumb\":{\"@id\":\"https:\/\/hikvisionmaroc.com\/index.php\/produit\/ds-kis602\/#breadcrumb\"},\"inLanguage\":\"fr-FR\",\"potentialAction\":[{\"@type\":\"ReadAction\",\"target\":[\"https:\/\/hikvisionmaroc.com\/index.php\/produit\/ds-kis602\/\"]}]},{\"@type\":\"ImageObject\",\"inLanguage\":\"fr-FR\",\"@id\":\"https:\/\/hikvisionmaroc.com\/index.php\/produit\/ds-kis602\/#primaryimage\",\"url\":\"https:\/\/hikvisionmaroc.com\/wp-content\/uploads\/2024\/04\/KIS602.png\",\"contentUrl\":\"https:\/\/hikvisionmaroc.com\/wp-content\/uploads\/2024\/04\/KIS602.png\",\"width\":800,\"height\":406},{\"@type\":\"BreadcrumbList\",\"@id\":\"https:\/\/hikvisionmaroc.com\/index.php\/produit\/ds-kis602\/#breadcrumb\",\"itemListElement\":[{\"@type\":\"ListItem\",\"position\":1,\"name\":\"Accueil\",\"item\":\"https:\/\/hikvisionmaroc.com\/\"},{\"@type\":\"ListItem\",\"position\":2,\"name\":\"Shop\",\"item\":\"https:\/\/hikvisionmaroc.com\/index.php\/shop\/\"},{\"@type\":\"ListItem\",\"position\":3,\"name\":\"DS-KIS602\"}]},{\"@type\":\"WebSite\",\"@id\":\"https:\/\/hikvisionmaroc.com\/#website\",\"url\":\"https:\/\/hikvisionmaroc.com\/\",\"name\":\"SECURETECH FOREVER\",\"description\":\"securtech\",\"publisher\":{\"@id\":\"https:\/\/hikvisionmaroc.com\/#organization\"},\"potentialAction\":[{\"@type\":\"SearchAction\",\"target\":{\"@type\":\"EntryPoint\",\"urlTemplate\":\"https:\/\/hikvisionmaroc.com\/?s={search_term_string}\"},\"query-input\":{\"@type\":\"PropertyValueSpecification\",\"valueRequired\":true,\"valueName\":\"search_term_string\"}}],\"inLanguage\":\"fr-FR\"},{\"@type\":\"Organization\",\"@id\":\"https:\/\/hikvisionmaroc.com\/#organization\",\"name\":\"SECURETECH FOREVER\",\"url\":\"https:\/\/hikvisionmaroc.com\/\",\"logo\":{\"@type\":\"ImageObject\",\"inLanguage\":\"fr-FR\",\"@id\":\"https:\/\/hikvisionmaroc.com\/#\/schema\/logo\/image\/\",\"url\":\"https:\/\/hikvisionmaroc.com\/wp-content\/uploads\/2024\/03\/cropped-Securetech-forever-png.png\",\"contentUrl\":\"https:\/\/hikvisionmaroc.com\/wp-content\/uploads\/2024\/03\/cropped-Securetech-forever-png.png\",\"width\":2490,\"height\":212,\"caption\":\"SECURETECH FOREVER\"},\"image\":{\"@id\":\"https:\/\/hikvisionmaroc.com\/#\/schema\/logo\/image\/\"},\"sameAs\":[\"https:\/\/fr-fr.facebook.com\/abdelouahed.hamadi\/\",\"https:\/\/x.com\/victorycsf\"]}]}<\/script>\n<!-- \/ Yoast SEO plugin. -->","yoast_head_json":{"title":"DS-KIS602 - SECURETECH FOREVER","description":"Kit vid\u00e9ophonie KIS602 interphonie a distance compatible pour tous les utilisations s\u00e9curise vos habitations int\u00e8gre plusieurs fonctionnalit\u00e9 ad\u00e9quat","robots":{"index":"index","follow":"follow","max-snippet":"max-snippet:-1","max-image-preview":"max-image-preview:large","max-video-preview":"max-video-preview:-1"},"canonical":"https:\/\/hikvisionmaroc.com\/index.php\/produit\/ds-kis602\/","og_locale":"fr_FR","og_type":"article","og_title":"DS-KIS602 - SECURETECH FOREVER","og_description":"Kit vid\u00e9ophonie KIS602 interphonie a distance compatible pour tous les utilisations s\u00e9curise vos habitations int\u00e8gre plusieurs fonctionnalit\u00e9 ad\u00e9quat","og_url":"https:\/\/hikvisionmaroc.com\/index.php\/produit\/ds-kis602\/","og_site_name":"SECURETECH FOREVER","article_publisher":"https:\/\/fr-fr.facebook.com\/abdelouahed.hamadi\/","article_modified_time":"2024-04-25T08:45:34+00:00","og_image":[{"width":800,"height":406,"url":"https:\/\/hikvisionmaroc.com\/wp-content\/uploads\/2024\/04\/KIS602.png","type":"image\/png"}],"twitter_card":"summary_large_image","twitter_site":"@victorycsf","twitter_misc":{"Dur\u00e9e de lecture estim\u00e9e":"1 minute"},"schema":{"@context":"https:\/\/schema.org","@graph":[{"@type":"WebPage","@id":"https:\/\/hikvisionmaroc.com\/index.php\/produit\/ds-kis602\/","url":"https:\/\/hikvisionmaroc.com\/index.php\/produit\/ds-kis602\/","name":"DS-KIS602 - SECURETECH FOREVER","isPartOf":{"@id":"https:\/\/hikvisionmaroc.com\/#website"},"primaryImageOfPage":{"@id":"https:\/\/hikvisionmaroc.com\/index.php\/produit\/ds-kis602\/#primaryimage"},"image":{"@id":"https:\/\/hikvisionmaroc.com\/index.php\/produit\/ds-kis602\/#primaryimage"},"thumbnailUrl":"https:\/\/hikvisionmaroc.com\/wp-content\/uploads\/2024\/04\/KIS602.png","datePublished":"2024-04-25T08:36:53+00:00","dateModified":"2024-04-25T08:45:34+00:00","description":"Kit vid\u00e9ophonie KIS602 interphonie a distance compatible pour tous les utilisations s\u00e9curise vos habitations int\u00e8gre plusieurs fonctionnalit\u00e9 ad\u00e9quat","breadcrumb":{"@id":"https:\/\/hikvisionmaroc.com\/index.php\/produit\/ds-kis602\/#breadcrumb"},"inLanguage":"fr-FR","potentialAction":[{"@type":"ReadAction","target":["https:\/\/hikvisionmaroc.com\/index.php\/produit\/ds-kis602\/"]}]},{"@type":"ImageObject","inLanguage":"fr-FR","@id":"https:\/\/hikvisionmaroc.com\/index.php\/produit\/ds-kis602\/#primaryimage","url":"https:\/\/hikvisionmaroc.com\/wp-content\/uploads\/2024\/04\/KIS602.png","contentUrl":"https:\/\/hikvisionmaroc.com\/wp-content\/uploads\/2024\/04\/KIS602.png","width":800,"height":406},{"@type":"BreadcrumbList","@id":"https:\/\/hikvisionmaroc.com\/index.php\/produit\/ds-kis602\/#breadcrumb","itemListElement":[{"@type":"ListItem","position":1,"name":"Accueil","item":"https:\/\/hikvisionmaroc.com\/"},{"@type":"ListItem","position":2,"name":"Shop","item":"https:\/\/hikvisionmaroc.com\/index.php\/shop\/"},{"@type":"ListItem","position":3,"name":"DS-KIS602"}]},{"@type":"WebSite","@id":"https:\/\/hikvisionmaroc.com\/#website","url":"https:\/\/hikvisionmaroc.com\/","name":"SECURETECH FOREVER","description":"securtech","publisher":{"@id":"https:\/\/hikvisionmaroc.com\/#organization"},"potentialAction":[{"@type":"SearchAction","target":{"@type":"EntryPoint","urlTemplate":"https:\/\/hikvisionmaroc.com\/?s={search_term_string}"},"query-input":{"@type":"PropertyValueSpecification","valueRequired":true,"valueName":"search_term_string"}}],"inLanguage":"fr-FR"},{"@type":"Organization","@id":"https:\/\/hikvisionmaroc.com\/#organization","name":"SECURETECH FOREVER","url":"https:\/\/hikvisionmaroc.com\/","logo":{"@type":"ImageObject","inLanguage":"fr-FR","@id":"https:\/\/hikvisionmaroc.com\/#\/schema\/logo\/image\/","url":"https:\/\/hikvisionmaroc.com\/wp-content\/uploads\/2024\/03\/cropped-Securetech-forever-png.png","contentUrl":"https:\/\/hikvisionmaroc.com\/wp-content\/uploads\/2024\/03\/cropped-Securetech-forever-png.png","width":2490,"height":212,"caption":"SECURETECH FOREVER"},"image":{"@id":"https:\/\/hikvisionmaroc.com\/#\/schema\/logo\/image\/"},"sameAs":["https:\/\/fr-fr.facebook.com\/abdelouahed.hamadi\/","https:\/\/x.com\/victorycsf"]}]}},"jetpack_sharing_enabled":true,"_links":{"self":[{"href":"https:\/\/hikvisionmaroc.com\/index.php\/wp-json\/wp\/v2\/product\/5716","targetHints":{"allow":["GET"]}}],"collection":[{"href":"https:\/\/hikvisionmaroc.com\/index.php\/wp-json\/wp\/v2\/product"}],"about":[{"href":"https:\/\/hikvisionmaroc.com\/index.php\/wp-json\/wp\/v2\/types\/product"}],"replies":[{"embeddable":true,"href":"https:\/\/hikvisionmaroc.com\/index.php\/wp-json\/wp\/v2\/comments?post=5716"}],"wp:featuredmedia":[{"embeddable":true,"href":"https:\/\/hikvisionmaroc.com\/index.php\/wp-json\/wp\/v2\/media\/5715"}],"wp:attachment":[{"href":"https:\/\/hikvisionmaroc.com\/index.php\/wp-json\/wp\/v2\/media?parent=5716"}],"wp:term":[{"taxonomy":"product_brand","embeddable":true,"href":"https:\/\/hikvisionmaroc.com\/index.php\/wp-json\/wp\/v2\/product_brand?post=5716"},{"taxonomy":"product_cat","embeddable":true,"href":"https:\/\/hikvisionmaroc.com\/index.php\/wp-json\/wp\/v2\/product_cat?post=5716"},{"taxonomy":"product_tag","embeddable":true,"href":"https:\/\/hikvisionmaroc.com\/index.php\/wp-json\/wp\/v2\/product_tag?post=5716"}],"curies":[{"name":"wp","href":"https:\/\/api.w.org\/{rel}","templated":true}]}}